{"id":346,"date":"2022-03-11T16:16:46","date_gmt":"2022-03-11T15:16:46","guid":{"rendered":"https:\/\/losange-patisserie.ch\/?page_id=346"},"modified":"2022-03-16T16:59:50","modified_gmt":"2022-03-16T15:59:50","slug":"professionnels","status":"publish","type":"page","link":"https:\/\/losange-patisserie.ch\/index.php\/professionnels\/","title":{"rendered":"Professionnels"},"content":{"rendered":"\n<p>Vous voulez d\u00e9velopper votre gamme sucr\u00e9e ?<\/p>\n\n\n\n<p>Vous voulez une quantit\u00e9 importante de biscuits ou macarons (plus de 2kg) pour un \u00e9venement ?<\/p>\n\n\n\n<p>Alors contactez nous directement pour \u00e9tablir ensemble une offre ad\u00e9quat \u00e0 vos besoins suivant notre gamme de p\u00e2tisseries et leur dlc:<\/p>\n\n\n\n<div class=\"wp-block-buttons is-content-justification-center\">\n<div class=\"wp-block-button\"><a class=\"wp-block-button__link\" href=\"mailto:\/\/contact@losange-patisserie.ch\" target=\"_blank\" rel=\"noreferrer noopener\"><span style=\"color:#ffddab\" class=\"has-inline-color\">contact@losange-patisserie.ch<\/span><\/a><\/div>\n<\/div>\n\n\n\n<p><\/p>\n","protected":false},"excerpt":{"rendered":"<p>Vous voulez d\u00e9velopper votre gamme sucr\u00e9e ? Vous voulez une quantit\u00e9 importante de biscuits ou macarons (plus de 2kg) pour un \u00e9venement ? Alors contactez nous directement pour \u00e9tablir ensemble une offre ad\u00e9quat \u00e0 vos besoins suivant notre gamme de p\u00e2tisseries et leur dlc:<\/p>\n","protected":false},"author":2,"featured_media":347,"parent":0,"menu_order":0,"comment_status":"closed","ping_status":"closed","template":"","meta":[],"yoast_head":"<!-- This site is optimized with the Yoast SEO plugin v17.9 - https:\/\/yoast.com\/wordpress\/plugins\/seo\/ -->\n<title>Professionnels - Losange P\u00e2tisserie Lausanne<\/title>\n<meta name=\"robots\" content=\"index, follow, max-snippet:-1, max-image-preview:large, max-video-preview:-1\" \/>\n<link rel=\"canonical\" href=\"https:\/\/losange-patisserie.ch\/index.php\/professionnels\/\" \/>\n<meta property=\"og:locale\" content=\"fr_FR\" \/>\n<meta property=\"og:type\" content=\"article\" \/>\n<meta property=\"og:title\" content=\"Professionnels - Losange P\u00e2tisserie Lausanne\" \/>\n<meta property=\"og:description\" content=\"Vous voulez d\u00e9velopper votre gamme sucr\u00e9e ? Vous voulez une quantit\u00e9 importante de biscuits ou macarons (plus de 2kg) pour un \u00e9venement ? Alors contactez nous directement pour \u00e9tablir ensemble une offre ad\u00e9quat \u00e0 vos besoins suivant notre gamme de p\u00e2tisseries et leur dlc:\" \/>\n<meta property=\"og:url\" content=\"https:\/\/losange-patisserie.ch\/index.php\/professionnels\/\" \/>\n<meta property=\"og:site_name\" content=\"Losange P\u00e2tisserie Lausanne\" \/>\n<meta property=\"article:modified_time\" content=\"2022-03-16T15:59:50+00:00\" \/>\n<meta property=\"og:image\" content=\"https:\/\/losange-patisserie.ch\/wp-content\/uploads\/2022\/03\/90kg-biscuits.jpg\" \/>\n\t<meta property=\"og:image:width\" content=\"1280\" \/>\n\t<meta property=\"og:image:height\" content=\"879\" \/>\n\t<meta property=\"og:image:type\" content=\"image\/jpeg\" \/>\n<meta name=\"twitter:card\" content=\"summary_large_image\" \/>\n<meta name=\"twitter:label1\" content=\"Dur\u00e9e de lecture estim\u00e9e\" \/>\n\t<meta name=\"twitter:data1\" content=\"1 minute\" \/>\n<script type=\"application\/ld+json\" class=\"yoast-schema-graph\">{\"@context\":\"https:\/\/schema.org\",\"@graph\":[{\"@type\":\"WebSite\",\"@id\":\"https:\/\/losange-patisserie.ch\/#website\",\"url\":\"https:\/\/losange-patisserie.ch\/\",\"name\":\"Losange P\\u00e2tisserie Lausanne\",\"description\":\"P\\u00e2tisseries, brioches, petits d\\u00e9jeuners sur commande \\u00e0 Lausanne\",\"potentialAction\":[{\"@type\":\"SearchAction\",\"target\":{\"@type\":\"EntryPoint\",\"urlTemplate\":\"https:\/\/losange-patisserie.ch\/?s={search_term_string}\"},\"query-input\":\"required name=search_term_string\"}],\"inLanguage\":\"fr-FR\"},{\"@type\":\"ImageObject\",\"@id\":\"https:\/\/losange-patisserie.ch\/index.php\/professionnels\/#primaryimage\",\"inLanguage\":\"fr-FR\",\"url\":\"https:\/\/losange-patisserie.ch\/wp-content\/uploads\/2022\/03\/90kg-biscuits.jpg\",\"contentUrl\":\"https:\/\/losange-patisserie.ch\/wp-content\/uploads\/2022\/03\/90kg-biscuits.jpg\",\"width\":1280,\"height\":879},{\"@type\":\"WebPage\",\"@id\":\"https:\/\/losange-patisserie.ch\/index.php\/professionnels\/#webpage\",\"url\":\"https:\/\/losange-patisserie.ch\/index.php\/professionnels\/\",\"name\":\"Professionnels - Losange P\\u00e2tisserie Lausanne\",\"isPartOf\":{\"@id\":\"https:\/\/losange-patisserie.ch\/#website\"},\"primaryImageOfPage\":{\"@id\":\"https:\/\/losange-patisserie.ch\/index.php\/professionnels\/#primaryimage\"},\"datePublished\":\"2022-03-11T15:16:46+00:00\",\"dateModified\":\"2022-03-16T15:59:50+00:00\",\"breadcrumb\":{\"@id\":\"https:\/\/losange-patisserie.ch\/index.php\/professionnels\/#breadcrumb\"},\"inLanguage\":\"fr-FR\",\"potentialAction\":[{\"@type\":\"ReadAction\",\"target\":[\"https:\/\/losange-patisserie.ch\/index.php\/professionnels\/\"]}]},{\"@type\":\"BreadcrumbList\",\"@id\":\"https:\/\/losange-patisserie.ch\/index.php\/professionnels\/#breadcrumb\",\"itemListElement\":[{\"@type\":\"ListItem\",\"position\":1,\"name\":\"Home\",\"item\":\"https:\/\/losange-patisserie.ch\/\"},{\"@type\":\"ListItem\",\"position\":2,\"name\":\"Professionnels\"}]}]}<\/script>\n<!-- \/ Yoast SEO plugin. -->","yoast_head_json":{"title":"Professionnels - Losange P\u00e2tisserie Lausanne","robots":{"index":"index","follow":"follow","max-snippet":"max-snippet:-1","max-image-preview":"max-image-preview:large","max-video-preview":"max-video-preview:-1"},"canonical":"https:\/\/losange-patisserie.ch\/index.php\/professionnels\/","og_locale":"fr_FR","og_type":"article","og_title":"Professionnels - Losange P\u00e2tisserie Lausanne","og_description":"Vous voulez d\u00e9velopper votre gamme sucr\u00e9e ? Vous voulez une quantit\u00e9 importante de biscuits ou macarons (plus de 2kg) pour un \u00e9venement ? Alors contactez nous directement pour \u00e9tablir ensemble une offre ad\u00e9quat \u00e0 vos besoins suivant notre gamme de p\u00e2tisseries et leur dlc:","og_url":"https:\/\/losange-patisserie.ch\/index.php\/professionnels\/","og_site_name":"Losange P\u00e2tisserie Lausanne","article_modified_time":"2022-03-16T15:59:50+00:00","og_image":[{"width":1280,"height":879,"url":"https:\/\/losange-patisserie.ch\/wp-content\/uploads\/2022\/03\/90kg-biscuits.jpg","type":"image\/jpeg"}],"twitter_card":"summary_large_image","twitter_misc":{"Dur\u00e9e de lecture estim\u00e9e":"1 minute"},"schema":{"@context":"https:\/\/schema.org","@graph":[{"@type":"WebSite","@id":"https:\/\/losange-patisserie.ch\/#website","url":"https:\/\/losange-patisserie.ch\/","name":"Losange P\u00e2tisserie Lausanne","description":"P\u00e2tisseries, brioches, petits d\u00e9jeuners sur commande \u00e0 Lausanne","potentialAction":[{"@type":"SearchAction","target":{"@type":"EntryPoint","urlTemplate":"https:\/\/losange-patisserie.ch\/?s={search_term_string}"},"query-input":"required name=search_term_string"}],"inLanguage":"fr-FR"},{"@type":"ImageObject","@id":"https:\/\/losange-patisserie.ch\/index.php\/professionnels\/#primaryimage","inLanguage":"fr-FR","url":"https:\/\/losange-patisserie.ch\/wp-content\/uploads\/2022\/03\/90kg-biscuits.jpg","contentUrl":"https:\/\/losange-patisserie.ch\/wp-content\/uploads\/2022\/03\/90kg-biscuits.jpg","width":1280,"height":879},{"@type":"WebPage","@id":"https:\/\/losange-patisserie.ch\/index.php\/professionnels\/#webpage","url":"https:\/\/losange-patisserie.ch\/index.php\/professionnels\/","name":"Professionnels - Losange P\u00e2tisserie Lausanne","isPartOf":{"@id":"https:\/\/losange-patisserie.ch\/#website"},"primaryImageOfPage":{"@id":"https:\/\/losange-patisserie.ch\/index.php\/professionnels\/#primaryimage"},"datePublished":"2022-03-11T15:16:46+00:00","dateModified":"2022-03-16T15:59:50+00:00","breadcrumb":{"@id":"https:\/\/losange-patisserie.ch\/index.php\/professionnels\/#breadcrumb"},"inLanguage":"fr-FR","potentialAction":[{"@type":"ReadAction","target":["https:\/\/losange-patisserie.ch\/index.php\/professionnels\/"]}]},{"@type":"BreadcrumbList","@id":"https:\/\/losange-patisserie.ch\/index.php\/professionnels\/#breadcrumb","itemListElement":[{"@type":"ListItem","position":1,"name":"Home","item":"https:\/\/losange-patisserie.ch\/"},{"@type":"ListItem","position":2,"name":"Professionnels"}]}]}},"_links":{"self":[{"href":"https:\/\/losange-patisserie.ch\/index.php\/wp-json\/wp\/v2\/pages\/346"}],"collection":[{"href":"https:\/\/losange-patisserie.ch\/index.php\/wp-json\/wp\/v2\/pages"}],"about":[{"href":"https:\/\/losange-patisserie.ch\/index.php\/wp-json\/wp\/v2\/types\/page"}],"author":[{"embeddable":true,"href":"https:\/\/losange-patisserie.ch\/index.php\/wp-json\/wp\/v2\/users\/2"}],"replies":[{"embeddable":true,"href":"https:\/\/losange-patisserie.ch\/index.php\/wp-json\/wp\/v2\/comments?post=346"}],"version-history":[{"count":2,"href":"https:\/\/losange-patisserie.ch\/index.php\/wp-json\/wp\/v2\/pages\/346\/revisions"}],"predecessor-version":[{"id":359,"href":"https:\/\/losange-patisserie.ch\/index.php\/wp-json\/wp\/v2\/pages\/346\/revisions\/359"}],"wp:featuredmedia":[{"embeddable":true,"href":"https:\/\/losange-patisserie.ch\/index.php\/wp-json\/wp\/v2\/media\/347"}],"wp:attachment":[{"href":"https:\/\/losange-patisserie.ch\/index.php\/wp-json\/wp\/v2\/media?parent=346"}],"curies":[{"name":"wp","href":"https:\/\/api.w.org\/{rel}","templated":true}]}}