{"id":263,"date":"2021-11-16T12:36:45","date_gmt":"2021-11-16T11:36:45","guid":{"rendered":"http:\/\/oymioqd.cluster029.hosting.ovh.net\/?page_id=263"},"modified":"2023-01-03T14:00:11","modified_gmt":"2023-01-03T13:00:11","slug":"box-petit-dejeuner","status":"publish","type":"page","link":"https:\/\/losange-patisserie.ch\/index.php\/box-petit-dejeuner\/","title":{"rendered":"Box ptit dej&rsquo;"},"content":{"rendered":"\n<p>Nous proposons des <strong>box ptit dej&rsquo;<\/strong> \u00e0 commander avant jeudi 16h.<\/p>\n\n\n\n<p>Notre box comprend une brioche au sucre ou aux p\u00e9pites de chocolat pour 6-8 personnes, un jus Fresh Eden et un lait d&rsquo;amande Fit&amp;Tasty, un pot de p\u00e2te \u00e0 tartiner choco-noisette maison et un pot de 200g de salade d&rsquo;oranges \u00e0 la fleur d&rsquo;oranger, avec son crumble croustillant. Les produits se gardent au moins 2-3 jours.<\/p>\n\n\n\n<p>Notre box met en avant des produits suisses et faits maison.<\/p>\n\n\n\n<p>Box : 45.-<\/p>\n\n\n\n<div class=\"wp-block-buttons\">\n<div class=\"wp-block-button\"><a class=\"wp-block-button__link\" href=\"mailto:\/\/contact@losange-patisserie.ch\" target=\"_blank\" rel=\"noreferrer noopener\">Commandez<\/a><\/div>\n<\/div>\n","protected":false},"excerpt":{"rendered":"<p>Nous proposons des box ptit dej&rsquo; \u00e0 commander avant jeudi 16h. Notre box comprend une brioche au sucre ou aux p\u00e9pites de chocolat pour 6-8 personnes, un jus Fresh Eden et un lait d&rsquo;amande Fit&amp;Tasty, un pot de p\u00e2te \u00e0 tartiner choco-noisette maison et un&nbsp;<a class=\"read-more\" href=\"https:\/\/losange-patisserie.ch\/index.php\/box-petit-dejeuner\/\">&hellip;<\/a><\/p>\n","protected":false},"author":2,"featured_media":264,"parent":0,"menu_order":0,"comment_status":"closed","ping_status":"closed","template":"","meta":[],"yoast_head":"<!-- This site is optimized with the Yoast SEO plugin v17.9 - https:\/\/yoast.com\/wordpress\/plugins\/seo\/ -->\n<title>Box ptit dej&#039; - Losange P\u00e2tisserie Lausanne<\/title>\n<meta name=\"description\" content=\"box pour 2-3 personnes comprenant un petit d\u00e9jeuner gourmand complet\" \/>\n<meta name=\"robots\" content=\"index, follow, max-snippet:-1, max-image-preview:large, max-video-preview:-1\" \/>\n<link rel=\"canonical\" href=\"https:\/\/losange-patisserie.ch\/index.php\/box-petit-dejeuner\/\" \/>\n<meta property=\"og:locale\" content=\"fr_FR\" \/>\n<meta property=\"og:type\" content=\"article\" \/>\n<meta property=\"og:title\" content=\"Box ptit dej&#039; - Losange P\u00e2tisserie Lausanne\" \/>\n<meta property=\"og:description\" content=\"box pour 2-3 personnes comprenant un petit d\u00e9jeuner gourmand complet\" \/>\n<meta property=\"og:url\" content=\"https:\/\/losange-patisserie.ch\/index.php\/box-petit-dejeuner\/\" \/>\n<meta property=\"og:site_name\" content=\"Losange P\u00e2tisserie Lausanne\" \/>\n<meta property=\"article:modified_time\" content=\"2023-01-03T13:00:11+00:00\" \/>\n<meta property=\"og:image\" content=\"https:\/\/losange-patisserie.ch\/wp-content\/uploads\/2021\/11\/box-ptit-dej2.jpg\" \/>\n\t<meta property=\"og:image:width\" content=\"1280\" \/>\n\t<meta property=\"og:image:height\" content=\"960\" \/>\n\t<meta property=\"og:image:type\" content=\"image\/jpeg\" \/>\n<meta name=\"twitter:card\" content=\"summary_large_image\" \/>\n<meta name=\"twitter:label1\" content=\"Dur\u00e9e de lecture estim\u00e9e\" \/>\n\t<meta name=\"twitter:data1\" content=\"1 minute\" \/>\n<script type=\"application\/ld+json\" class=\"yoast-schema-graph\">{\"@context\":\"https:\/\/schema.org\",\"@graph\":[{\"@type\":\"WebSite\",\"@id\":\"https:\/\/losange-patisserie.ch\/#website\",\"url\":\"https:\/\/losange-patisserie.ch\/\",\"name\":\"Losange P\\u00e2tisserie Lausanne\",\"description\":\"P\\u00e2tisseries, brioches, petits d\\u00e9jeuners sur commande \\u00e0 Lausanne\",\"potentialAction\":[{\"@type\":\"SearchAction\",\"target\":{\"@type\":\"EntryPoint\",\"urlTemplate\":\"https:\/\/losange-patisserie.ch\/?s={search_term_string}\"},\"query-input\":\"required name=search_term_string\"}],\"inLanguage\":\"fr-FR\"},{\"@type\":\"ImageObject\",\"@id\":\"https:\/\/losange-patisserie.ch\/index.php\/box-petit-dejeuner\/#primaryimage\",\"inLanguage\":\"fr-FR\",\"url\":\"https:\/\/losange-patisserie.ch\/wp-content\/uploads\/2021\/11\/box-ptit-dej2.jpg\",\"contentUrl\":\"https:\/\/losange-patisserie.ch\/wp-content\/uploads\/2021\/11\/box-ptit-dej2.jpg\",\"width\":1280,\"height\":960},{\"@type\":\"WebPage\",\"@id\":\"https:\/\/losange-patisserie.ch\/index.php\/box-petit-dejeuner\/#webpage\",\"url\":\"https:\/\/losange-patisserie.ch\/index.php\/box-petit-dejeuner\/\",\"name\":\"Box ptit dej' - Losange P\\u00e2tisserie Lausanne\",\"isPartOf\":{\"@id\":\"https:\/\/losange-patisserie.ch\/#website\"},\"primaryImageOfPage\":{\"@id\":\"https:\/\/losange-patisserie.ch\/index.php\/box-petit-dejeuner\/#primaryimage\"},\"datePublished\":\"2021-11-16T11:36:45+00:00\",\"dateModified\":\"2023-01-03T13:00:11+00:00\",\"description\":\"box pour 2-3 personnes comprenant un petit d\\u00e9jeuner gourmand complet\",\"breadcrumb\":{\"@id\":\"https:\/\/losange-patisserie.ch\/index.php\/box-petit-dejeuner\/#breadcrumb\"},\"inLanguage\":\"fr-FR\",\"potentialAction\":[{\"@type\":\"ReadAction\",\"target\":[\"https:\/\/losange-patisserie.ch\/index.php\/box-petit-dejeuner\/\"]}]},{\"@type\":\"BreadcrumbList\",\"@id\":\"https:\/\/losange-patisserie.ch\/index.php\/box-petit-dejeuner\/#breadcrumb\",\"itemListElement\":[{\"@type\":\"ListItem\",\"position\":1,\"name\":\"Home\",\"item\":\"https:\/\/losange-patisserie.ch\/\"},{\"@type\":\"ListItem\",\"position\":2,\"name\":\"Box ptit dej&rsquo;\"}]}]}<\/script>\n<!-- \/ Yoast SEO plugin. -->","yoast_head_json":{"title":"Box ptit dej' - Losange P\u00e2tisserie Lausanne","description":"box pour 2-3 personnes comprenant un petit d\u00e9jeuner gourmand complet","robots":{"index":"index","follow":"follow","max-snippet":"max-snippet:-1","max-image-preview":"max-image-preview:large","max-video-preview":"max-video-preview:-1"},"canonical":"https:\/\/losange-patisserie.ch\/index.php\/box-petit-dejeuner\/","og_locale":"fr_FR","og_type":"article","og_title":"Box ptit dej' - Losange P\u00e2tisserie Lausanne","og_description":"box pour 2-3 personnes comprenant un petit d\u00e9jeuner gourmand complet","og_url":"https:\/\/losange-patisserie.ch\/index.php\/box-petit-dejeuner\/","og_site_name":"Losange P\u00e2tisserie Lausanne","article_modified_time":"2023-01-03T13:00:11+00:00","og_image":[{"width":1280,"height":960,"url":"https:\/\/losange-patisserie.ch\/wp-content\/uploads\/2021\/11\/box-ptit-dej2.jpg","type":"image\/jpeg"}],"twitter_card":"summary_large_image","twitter_misc":{"Dur\u00e9e de lecture estim\u00e9e":"1 minute"},"schema":{"@context":"https:\/\/schema.org","@graph":[{"@type":"WebSite","@id":"https:\/\/losange-patisserie.ch\/#website","url":"https:\/\/losange-patisserie.ch\/","name":"Losange P\u00e2tisserie Lausanne","description":"P\u00e2tisseries, brioches, petits d\u00e9jeuners sur commande \u00e0 Lausanne","potentialAction":[{"@type":"SearchAction","target":{"@type":"EntryPoint","urlTemplate":"https:\/\/losange-patisserie.ch\/?s={search_term_string}"},"query-input":"required name=search_term_string"}],"inLanguage":"fr-FR"},{"@type":"ImageObject","@id":"https:\/\/losange-patisserie.ch\/index.php\/box-petit-dejeuner\/#primaryimage","inLanguage":"fr-FR","url":"https:\/\/losange-patisserie.ch\/wp-content\/uploads\/2021\/11\/box-ptit-dej2.jpg","contentUrl":"https:\/\/losange-patisserie.ch\/wp-content\/uploads\/2021\/11\/box-ptit-dej2.jpg","width":1280,"height":960},{"@type":"WebPage","@id":"https:\/\/losange-patisserie.ch\/index.php\/box-petit-dejeuner\/#webpage","url":"https:\/\/losange-patisserie.ch\/index.php\/box-petit-dejeuner\/","name":"Box ptit dej' - Losange P\u00e2tisserie Lausanne","isPartOf":{"@id":"https:\/\/losange-patisserie.ch\/#website"},"primaryImageOfPage":{"@id":"https:\/\/losange-patisserie.ch\/index.php\/box-petit-dejeuner\/#primaryimage"},"datePublished":"2021-11-16T11:36:45+00:00","dateModified":"2023-01-03T13:00:11+00:00","description":"box pour 2-3 personnes comprenant un petit d\u00e9jeuner gourmand complet","breadcrumb":{"@id":"https:\/\/losange-patisserie.ch\/index.php\/box-petit-dejeuner\/#breadcrumb"},"inLanguage":"fr-FR","potentialAction":[{"@type":"ReadAction","target":["https:\/\/losange-patisserie.ch\/index.php\/box-petit-dejeuner\/"]}]},{"@type":"BreadcrumbList","@id":"https:\/\/losange-patisserie.ch\/index.php\/box-petit-dejeuner\/#breadcrumb","itemListElement":[{"@type":"ListItem","position":1,"name":"Home","item":"https:\/\/losange-patisserie.ch\/"},{"@type":"ListItem","position":2,"name":"Box ptit dej&rsquo;"}]}]}},"_links":{"self":[{"href":"https:\/\/losange-patisserie.ch\/index.php\/wp-json\/wp\/v2\/pages\/263"}],"collection":[{"href":"https:\/\/losange-patisserie.ch\/index.php\/wp-json\/wp\/v2\/pages"}],"about":[{"href":"https:\/\/losange-patisserie.ch\/index.php\/wp-json\/wp\/v2\/types\/page"}],"author":[{"embeddable":true,"href":"https:\/\/losange-patisserie.ch\/index.php\/wp-json\/wp\/v2\/users\/2"}],"replies":[{"embeddable":true,"href":"https:\/\/losange-patisserie.ch\/index.php\/wp-json\/wp\/v2\/comments?post=263"}],"version-history":[{"count":11,"href":"https:\/\/losange-patisserie.ch\/index.php\/wp-json\/wp\/v2\/pages\/263\/revisions"}],"predecessor-version":[{"id":472,"href":"https:\/\/losange-patisserie.ch\/index.php\/wp-json\/wp\/v2\/pages\/263\/revisions\/472"}],"wp:featuredmedia":[{"embeddable":true,"href":"https:\/\/losange-patisserie.ch\/index.php\/wp-json\/wp\/v2\/media\/264"}],"wp:attachment":[{"href":"https:\/\/losange-patisserie.ch\/index.php\/wp-json\/wp\/v2\/media?parent=263"}],"curies":[{"name":"wp","href":"https:\/\/api.w.org\/{rel}","templated":true}]}}