{"id":225,"date":"2021-10-24T18:26:55","date_gmt":"2021-10-24T16:26:55","guid":{"rendered":"http:\/\/oymioqd.cluster029.hosting.ovh.net\/?page_id=225"},"modified":"2021-11-26T17:40:26","modified_gmt":"2021-11-26T16:40:26","slug":"contact","status":"publish","type":"page","link":"https:\/\/losange-patisserie.ch\/index.php\/contact\/","title":{"rendered":"Contactez-nous"},"content":{"rendered":"\n<p>Une envie de g\u00e2teau ? Des allergies ? Une commande particuli\u00e8re ?<\/p>\n\n\n\n<p>N&rsquo;h\u00e9sitez pas \u00e0 nous contacter !<\/p>\n\n\n\n<p><strong>T\u00e9l\u00e9phone<\/strong> : 0041 77 815 53 75<\/p>\n\n\n\n<p><strong>Mail<\/strong> : contact@losange-patisserie.ch<\/p>\n","protected":false},"excerpt":{"rendered":"<p>Une envie de g\u00e2teau ? Des allergies ? Une commande particuli\u00e8re ? N&rsquo;h\u00e9sitez pas \u00e0 nous contacter ! T\u00e9l\u00e9phone : 0041 77 815 53 75 Mail : contact@losange-patisserie.ch<\/p>\n","protected":false},"author":2,"featured_media":235,"parent":0,"menu_order":0,"comment_status":"closed","ping_status":"closed","template":"","meta":[],"yoast_head":"<!-- This site is optimized with the Yoast SEO plugin v17.9 - https:\/\/yoast.com\/wordpress\/plugins\/seo\/ -->\n<title>Contactez-nous - Losange P\u00e2tisserie Lausanne<\/title>\n<meta name=\"description\" content=\"coordonn\u00e9es de contact\" \/>\n<meta name=\"robots\" content=\"index, follow, max-snippet:-1, max-image-preview:large, max-video-preview:-1\" \/>\n<link rel=\"canonical\" href=\"https:\/\/losange-patisserie.ch\/index.php\/contact\/\" \/>\n<meta property=\"og:locale\" content=\"fr_FR\" \/>\n<meta property=\"og:type\" content=\"article\" \/>\n<meta property=\"og:title\" content=\"Contactez-nous - Losange P\u00e2tisserie Lausanne\" \/>\n<meta property=\"og:description\" content=\"coordonn\u00e9es de contact\" \/>\n<meta property=\"og:url\" content=\"https:\/\/losange-patisserie.ch\/index.php\/contact\/\" \/>\n<meta property=\"og:site_name\" content=\"Losange P\u00e2tisserie Lausanne\" \/>\n<meta property=\"article:modified_time\" content=\"2021-11-26T16:40:26+00:00\" \/>\n<meta property=\"og:image\" content=\"https:\/\/losange-patisserie.ch\/wp-content\/uploads\/2021\/10\/20201210_152827-1.jpg\" \/>\n\t<meta property=\"og:image:width\" content=\"1959\" \/>\n\t<meta property=\"og:image:height\" content=\"1043\" \/>\n\t<meta property=\"og:image:type\" content=\"image\/jpeg\" \/>\n<meta name=\"twitter:card\" content=\"summary_large_image\" \/>\n<meta name=\"twitter:label1\" content=\"Dur\u00e9e de lecture estim\u00e9e\" \/>\n\t<meta name=\"twitter:data1\" content=\"1 minute\" \/>\n<script type=\"application\/ld+json\" class=\"yoast-schema-graph\">{\"@context\":\"https:\/\/schema.org\",\"@graph\":[{\"@type\":\"WebSite\",\"@id\":\"https:\/\/losange-patisserie.ch\/#website\",\"url\":\"https:\/\/losange-patisserie.ch\/\",\"name\":\"Losange P\\u00e2tisserie Lausanne\",\"description\":\"P\\u00e2tisseries, brioches, petits d\\u00e9jeuners sur commande \\u00e0 Lausanne\",\"potentialAction\":[{\"@type\":\"SearchAction\",\"target\":{\"@type\":\"EntryPoint\",\"urlTemplate\":\"https:\/\/losange-patisserie.ch\/?s={search_term_string}\"},\"query-input\":\"required name=search_term_string\"}],\"inLanguage\":\"fr-FR\"},{\"@type\":\"ImageObject\",\"@id\":\"https:\/\/losange-patisserie.ch\/index.php\/contact\/#primaryimage\",\"inLanguage\":\"fr-FR\",\"url\":\"https:\/\/losange-patisserie.ch\/wp-content\/uploads\/2021\/10\/20201210_152827-1.jpg\",\"contentUrl\":\"https:\/\/losange-patisserie.ch\/wp-content\/uploads\/2021\/10\/20201210_152827-1.jpg\",\"width\":1959,\"height\":1043},{\"@type\":\"WebPage\",\"@id\":\"https:\/\/losange-patisserie.ch\/index.php\/contact\/#webpage\",\"url\":\"https:\/\/losange-patisserie.ch\/index.php\/contact\/\",\"name\":\"Contactez-nous - Losange P\\u00e2tisserie Lausanne\",\"isPartOf\":{\"@id\":\"https:\/\/losange-patisserie.ch\/#website\"},\"primaryImageOfPage\":{\"@id\":\"https:\/\/losange-patisserie.ch\/index.php\/contact\/#primaryimage\"},\"datePublished\":\"2021-10-24T16:26:55+00:00\",\"dateModified\":\"2021-11-26T16:40:26+00:00\",\"description\":\"coordonn\\u00e9es de contact\",\"breadcrumb\":{\"@id\":\"https:\/\/losange-patisserie.ch\/index.php\/contact\/#breadcrumb\"},\"inLanguage\":\"fr-FR\",\"potentialAction\":[{\"@type\":\"ReadAction\",\"target\":[\"https:\/\/losange-patisserie.ch\/index.php\/contact\/\"]}]},{\"@type\":\"BreadcrumbList\",\"@id\":\"https:\/\/losange-patisserie.ch\/index.php\/contact\/#breadcrumb\",\"itemListElement\":[{\"@type\":\"ListItem\",\"position\":1,\"name\":\"Home\",\"item\":\"https:\/\/losange-patisserie.ch\/\"},{\"@type\":\"ListItem\",\"position\":2,\"name\":\"Contactez-nous\"}]}]}<\/script>\n<!-- \/ Yoast SEO plugin. -->","yoast_head_json":{"title":"Contactez-nous - Losange P\u00e2tisserie Lausanne","description":"coordonn\u00e9es de contact","robots":{"index":"index","follow":"follow","max-snippet":"max-snippet:-1","max-image-preview":"max-image-preview:large","max-video-preview":"max-video-preview:-1"},"canonical":"https:\/\/losange-patisserie.ch\/index.php\/contact\/","og_locale":"fr_FR","og_type":"article","og_title":"Contactez-nous - Losange P\u00e2tisserie Lausanne","og_description":"coordonn\u00e9es de contact","og_url":"https:\/\/losange-patisserie.ch\/index.php\/contact\/","og_site_name":"Losange P\u00e2tisserie Lausanne","article_modified_time":"2021-11-26T16:40:26+00:00","og_image":[{"width":1959,"height":1043,"url":"https:\/\/losange-patisserie.ch\/wp-content\/uploads\/2021\/10\/20201210_152827-1.jpg","type":"image\/jpeg"}],"twitter_card":"summary_large_image","twitter_misc":{"Dur\u00e9e de lecture estim\u00e9e":"1 minute"},"schema":{"@context":"https:\/\/schema.org","@graph":[{"@type":"WebSite","@id":"https:\/\/losange-patisserie.ch\/#website","url":"https:\/\/losange-patisserie.ch\/","name":"Losange P\u00e2tisserie Lausanne","description":"P\u00e2tisseries, brioches, petits d\u00e9jeuners sur commande \u00e0 Lausanne","potentialAction":[{"@type":"SearchAction","target":{"@type":"EntryPoint","urlTemplate":"https:\/\/losange-patisserie.ch\/?s={search_term_string}"},"query-input":"required name=search_term_string"}],"inLanguage":"fr-FR"},{"@type":"ImageObject","@id":"https:\/\/losange-patisserie.ch\/index.php\/contact\/#primaryimage","inLanguage":"fr-FR","url":"https:\/\/losange-patisserie.ch\/wp-content\/uploads\/2021\/10\/20201210_152827-1.jpg","contentUrl":"https:\/\/losange-patisserie.ch\/wp-content\/uploads\/2021\/10\/20201210_152827-1.jpg","width":1959,"height":1043},{"@type":"WebPage","@id":"https:\/\/losange-patisserie.ch\/index.php\/contact\/#webpage","url":"https:\/\/losange-patisserie.ch\/index.php\/contact\/","name":"Contactez-nous - Losange P\u00e2tisserie Lausanne","isPartOf":{"@id":"https:\/\/losange-patisserie.ch\/#website"},"primaryImageOfPage":{"@id":"https:\/\/losange-patisserie.ch\/index.php\/contact\/#primaryimage"},"datePublished":"2021-10-24T16:26:55+00:00","dateModified":"2021-11-26T16:40:26+00:00","description":"coordonn\u00e9es de contact","breadcrumb":{"@id":"https:\/\/losange-patisserie.ch\/index.php\/contact\/#breadcrumb"},"inLanguage":"fr-FR","potentialAction":[{"@type":"ReadAction","target":["https:\/\/losange-patisserie.ch\/index.php\/contact\/"]}]},{"@type":"BreadcrumbList","@id":"https:\/\/losange-patisserie.ch\/index.php\/contact\/#breadcrumb","itemListElement":[{"@type":"ListItem","position":1,"name":"Home","item":"https:\/\/losange-patisserie.ch\/"},{"@type":"ListItem","position":2,"name":"Contactez-nous"}]}]}},"_links":{"self":[{"href":"https:\/\/losange-patisserie.ch\/index.php\/wp-json\/wp\/v2\/pages\/225"}],"collection":[{"href":"https:\/\/losange-patisserie.ch\/index.php\/wp-json\/wp\/v2\/pages"}],"about":[{"href":"https:\/\/losange-patisserie.ch\/index.php\/wp-json\/wp\/v2\/types\/page"}],"author":[{"embeddable":true,"href":"https:\/\/losange-patisserie.ch\/index.php\/wp-json\/wp\/v2\/users\/2"}],"replies":[{"embeddable":true,"href":"https:\/\/losange-patisserie.ch\/index.php\/wp-json\/wp\/v2\/comments?post=225"}],"version-history":[{"count":5,"href":"https:\/\/losange-patisserie.ch\/index.php\/wp-json\/wp\/v2\/pages\/225\/revisions"}],"predecessor-version":[{"id":295,"href":"https:\/\/losange-patisserie.ch\/index.php\/wp-json\/wp\/v2\/pages\/225\/revisions\/295"}],"wp:featuredmedia":[{"embeddable":true,"href":"https:\/\/losange-patisserie.ch\/index.php\/wp-json\/wp\/v2\/media\/235"}],"wp:attachment":[{"href":"https:\/\/losange-patisserie.ch\/index.php\/wp-json\/wp\/v2\/media?parent=225"}],"curies":[{"name":"wp","href":"https:\/\/api.w.org\/{rel}","templated":true}]}}