{"id":103,"date":"2020-07-16T14:05:55","date_gmt":"2020-07-16T12:05:55","guid":{"rendered":"http:\/\/oymioqd.cluster029.hosting.ovh.net\/?page_id=103"},"modified":"2022-09-07T17:09:11","modified_gmt":"2022-09-07T15:09:11","slug":"presentations-commandes","status":"publish","type":"page","link":"https:\/\/losange-patisserie.ch\/","title":{"rendered":"Accueil"},"content":{"rendered":"\n<p>Notre cr\u00e9do : du bon, du local, de l&rsquo;artisanal.<br>Toutes nos p\u00e2tisseries sont fabriqu\u00e9es dans notre laboratoire en r\u00e9gion lausannoise et la plupart de nos ingtr\u00e9dients proviennent de la r\u00e9gion.<\/p>\n\n\n\n<p>G\u00e2teaux, biscuits, cakes, entremets, macarons, p\u00e2tes \u00e0 tartiner, brioches, nous produisons sur commande en vous proposant des suggestions saisonni\u00e8res. Nous pouvons bien s\u00fbr nous adapter \u00e0 vos diff\u00e9rents r\u00e9gimes alimentaires.<br>Vous pouvez ensuite vous faire livrer ou venir chercher votre commande au parc Mon Repos. <strong>Merci de passer commande avant jeudi 16h<\/strong>.<\/p>\n\n\n\n<p>Que ce soit pour une occasion particuli\u00e8re ou simplement pour vous faire plaisir, nous trouverons ensemble quelque chose qui vous conviendra.<br><\/p>\n\n\n\n<figure class=\"wp-block-image\"><img alt=\"\"\/><\/figure>\n\n\n\n<p><\/p>\n\n\n\n<p><\/p>\n\n\n\n<p><\/p>\n\n\n\n<p><\/p>\n\n\n\n<figure class=\"wp-block-image\"><img alt=\"\"\/><\/figure>\n\n\n\n<p><strong>Commentaires:<\/strong><\/p>\n\n\n\n<p>G\u00e9rald P. : <img loading=\"lazy\" width=\"990\" height=\"234\" class=\"wp-image-306\" style=\"width: 60px;\" src=\"http:\/\/oymioqd.cluster029.hosting.ovh.net\/wp-content\/uploads\/2022\/01\/Capture-de\u0301cran-2022-01-12-a\u0300-17.28.39.png\" alt=\"\" srcset=\"https:\/\/losange-patisserie.ch\/wp-content\/uploads\/2022\/01\/Capture-de\u0301cran-2022-01-12-a\u0300-17.28.39.png 990w, https:\/\/losange-patisserie.ch\/wp-content\/uploads\/2022\/01\/Capture-de\u0301cran-2022-01-12-a\u0300-17.28.39-300x71.png 300w, https:\/\/losange-patisserie.ch\/wp-content\/uploads\/2022\/01\/Capture-de\u0301cran-2022-01-12-a\u0300-17.28.39-768x182.png 768w\" sizes=\"(max-width: 990px) 100vw, 990px\" \/><\/p>\n\n\n\n<p>Tr\u00e8s bonnes p\u00e2tisseries, la tarte aux noix est une tuerie!<\/p>\n\n\n\n<p><\/p>\n\n\n\n<p>Rach\u00e8le C. : <img loading=\"lazy\" width=\"990\" height=\"234\" class=\"wp-image-306\" style=\"width: 60px;\" src=\"http:\/\/oymioqd.cluster029.hosting.ovh.net\/wp-content\/uploads\/2022\/01\/Capture-de\u0301cran-2022-01-12-a\u0300-17.28.39.png\" alt=\"\" srcset=\"https:\/\/losange-patisserie.ch\/wp-content\/uploads\/2022\/01\/Capture-de\u0301cran-2022-01-12-a\u0300-17.28.39.png 990w, https:\/\/losange-patisserie.ch\/wp-content\/uploads\/2022\/01\/Capture-de\u0301cran-2022-01-12-a\u0300-17.28.39-300x71.png 300w, https:\/\/losange-patisserie.ch\/wp-content\/uploads\/2022\/01\/Capture-de\u0301cran-2022-01-12-a\u0300-17.28.39-768x182.png 768w\" sizes=\"(max-width: 990px) 100vw, 990px\" \/><\/p>\n\n\n\n<p>Je commande r\u00e9guli\u00e8rement des tartes, je ne suis jamais d\u00e9\u00e7ue.<\/p>\n\n\n\n<p><\/p>\n\n\n\n<p>Thomas S. : <img loading=\"lazy\" width=\"140\" height=\"27\" class=\"wp-image-310\" style=\"width: 70px;\" src=\"http:\/\/oymioqd.cluster029.hosting.ovh.net\/wp-content\/uploads\/2022\/01\/Capture-de\u0301cran-2022-01-11-a\u0300-16.32.33-1.png\" alt=\"\"><\/p>\n\n\n\n<p>Sans lactose, Losange P\u00e2tisserie arrive quand m\u00eame \u00e0 me proposer des g\u00e2teaux beaux et bons.<\/p>\n","protected":false},"excerpt":{"rendered":"<p>Notre cr\u00e9do : du bon, du local, de l&rsquo;artisanal.Toutes nos p\u00e2tisseries sont fabriqu\u00e9es dans notre laboratoire en r\u00e9gion lausannoise et la plupart de nos ingtr\u00e9dients proviennent de la r\u00e9gion. G\u00e2teaux, biscuits, cakes, entremets, macarons, p\u00e2tes \u00e0 tartiner, brioches, nous produisons sur commande en vous proposant&nbsp;<a class=\"read-more\" href=\"https:\/\/losange-patisserie.ch\/\">&hellip;<\/a><\/p>\n","protected":false},"author":1,"featured_media":0,"parent":0,"menu_order":0,"comment_status":"closed","ping_status":"closed","template":"","meta":[],"yoast_head":"<!-- This site is optimized with the Yoast SEO plugin v17.9 - https:\/\/yoast.com\/wordpress\/plugins\/seo\/ -->\n<title>Accueil - Losange P\u00e2tisserie Lausanne<\/title>\n<meta name=\"description\" content=\"Losange P\u00e2tisserie Lausanne - accueil et commandes\" \/>\n<meta name=\"robots\" content=\"index, follow, max-snippet:-1, max-image-preview:large, max-video-preview:-1\" \/>\n<link rel=\"canonical\" href=\"https:\/\/losange-patisserie.ch\/\" \/>\n<meta property=\"og:locale\" content=\"fr_FR\" \/>\n<meta property=\"og:type\" content=\"article\" \/>\n<meta property=\"og:title\" content=\"Accueil - Losange P\u00e2tisserie Lausanne\" \/>\n<meta property=\"og:description\" content=\"Losange P\u00e2tisserie Lausanne - accueil et commandes\" \/>\n<meta property=\"og:url\" content=\"https:\/\/losange-patisserie.ch\/\" \/>\n<meta property=\"og:site_name\" content=\"Losange P\u00e2tisserie Lausanne\" \/>\n<meta property=\"article:modified_time\" content=\"2022-09-07T15:09:11+00:00\" \/>\n<meta property=\"og:image\" content=\"http:\/\/oymioqd.cluster029.hosting.ovh.net\/wp-content\/uploads\/2022\/01\/Capture-de\u0301cran-2022-01-12-a\u0300-17.28.39.png\" \/>\n<meta name=\"twitter:card\" content=\"summary_large_image\" \/>\n<meta name=\"twitter:label1\" content=\"Dur\u00e9e de lecture estim\u00e9e\" \/>\n\t<meta name=\"twitter:data1\" content=\"2 minutes\" \/>\n<script type=\"application\/ld+json\" class=\"yoast-schema-graph\">{\"@context\":\"https:\/\/schema.org\",\"@graph\":[{\"@type\":\"WebSite\",\"@id\":\"https:\/\/losange-patisserie.ch\/#website\",\"url\":\"https:\/\/losange-patisserie.ch\/\",\"name\":\"Losange P\\u00e2tisserie Lausanne\",\"description\":\"P\\u00e2tisseries, brioches, petits d\\u00e9jeuners sur commande \\u00e0 Lausanne\",\"potentialAction\":[{\"@type\":\"SearchAction\",\"target\":{\"@type\":\"EntryPoint\",\"urlTemplate\":\"https:\/\/losange-patisserie.ch\/?s={search_term_string}\"},\"query-input\":\"required name=search_term_string\"}],\"inLanguage\":\"fr-FR\"},{\"@type\":\"ImageObject\",\"@id\":\"https:\/\/losange-patisserie.ch\/#primaryimage\",\"inLanguage\":\"fr-FR\",\"url\":\"http:\/\/oymioqd.cluster029.hosting.ovh.net\/wp-content\/uploads\/2022\/01\/Capture-de\\u0301cran-2022-01-12-a\\u0300-17.28.39.png\",\"contentUrl\":\"http:\/\/oymioqd.cluster029.hosting.ovh.net\/wp-content\/uploads\/2022\/01\/Capture-de\\u0301cran-2022-01-12-a\\u0300-17.28.39.png\"},{\"@type\":\"WebPage\",\"@id\":\"https:\/\/losange-patisserie.ch\/#webpage\",\"url\":\"https:\/\/losange-patisserie.ch\/\",\"name\":\"Accueil - Losange P\\u00e2tisserie Lausanne\",\"isPartOf\":{\"@id\":\"https:\/\/losange-patisserie.ch\/#website\"},\"primaryImageOfPage\":{\"@id\":\"https:\/\/losange-patisserie.ch\/#primaryimage\"},\"datePublished\":\"2020-07-16T12:05:55+00:00\",\"dateModified\":\"2022-09-07T15:09:11+00:00\",\"description\":\"Losange P\\u00e2tisserie Lausanne - accueil et commandes\",\"breadcrumb\":{\"@id\":\"https:\/\/losange-patisserie.ch\/#breadcrumb\"},\"inLanguage\":\"fr-FR\",\"potentialAction\":[{\"@type\":\"ReadAction\",\"target\":[\"https:\/\/losange-patisserie.ch\/\"]}]},{\"@type\":\"BreadcrumbList\",\"@id\":\"https:\/\/losange-patisserie.ch\/#breadcrumb\",\"itemListElement\":[{\"@type\":\"ListItem\",\"position\":1,\"name\":\"Home\",\"item\":\"https:\/\/losange-patisserie.ch\/\"},{\"@type\":\"ListItem\",\"position\":2,\"name\":\"Accueil\"}]}]}<\/script>\n<!-- \/ Yoast SEO plugin. -->","yoast_head_json":{"title":"Accueil - Losange P\u00e2tisserie Lausanne","description":"Losange P\u00e2tisserie Lausanne - accueil et commandes","robots":{"index":"index","follow":"follow","max-snippet":"max-snippet:-1","max-image-preview":"max-image-preview:large","max-video-preview":"max-video-preview:-1"},"canonical":"https:\/\/losange-patisserie.ch\/","og_locale":"fr_FR","og_type":"article","og_title":"Accueil - Losange P\u00e2tisserie Lausanne","og_description":"Losange P\u00e2tisserie Lausanne - accueil et commandes","og_url":"https:\/\/losange-patisserie.ch\/","og_site_name":"Losange P\u00e2tisserie Lausanne","article_modified_time":"2022-09-07T15:09:11+00:00","og_image":[{"url":"http:\/\/oymioqd.cluster029.hosting.ovh.net\/wp-content\/uploads\/2022\/01\/Capture-de\u0301cran-2022-01-12-a\u0300-17.28.39.png"}],"twitter_card":"summary_large_image","twitter_misc":{"Dur\u00e9e de lecture estim\u00e9e":"2 minutes"},"schema":{"@context":"https:\/\/schema.org","@graph":[{"@type":"WebSite","@id":"https:\/\/losange-patisserie.ch\/#website","url":"https:\/\/losange-patisserie.ch\/","name":"Losange P\u00e2tisserie Lausanne","description":"P\u00e2tisseries, brioches, petits d\u00e9jeuners sur commande \u00e0 Lausanne","potentialAction":[{"@type":"SearchAction","target":{"@type":"EntryPoint","urlTemplate":"https:\/\/losange-patisserie.ch\/?s={search_term_string}"},"query-input":"required name=search_term_string"}],"inLanguage":"fr-FR"},{"@type":"ImageObject","@id":"https:\/\/losange-patisserie.ch\/#primaryimage","inLanguage":"fr-FR","url":"http:\/\/oymioqd.cluster029.hosting.ovh.net\/wp-content\/uploads\/2022\/01\/Capture-de\u0301cran-2022-01-12-a\u0300-17.28.39.png","contentUrl":"http:\/\/oymioqd.cluster029.hosting.ovh.net\/wp-content\/uploads\/2022\/01\/Capture-de\u0301cran-2022-01-12-a\u0300-17.28.39.png"},{"@type":"WebPage","@id":"https:\/\/losange-patisserie.ch\/#webpage","url":"https:\/\/losange-patisserie.ch\/","name":"Accueil - Losange P\u00e2tisserie Lausanne","isPartOf":{"@id":"https:\/\/losange-patisserie.ch\/#website"},"primaryImageOfPage":{"@id":"https:\/\/losange-patisserie.ch\/#primaryimage"},"datePublished":"2020-07-16T12:05:55+00:00","dateModified":"2022-09-07T15:09:11+00:00","description":"Losange P\u00e2tisserie Lausanne - accueil et commandes","breadcrumb":{"@id":"https:\/\/losange-patisserie.ch\/#breadcrumb"},"inLanguage":"fr-FR","potentialAction":[{"@type":"ReadAction","target":["https:\/\/losange-patisserie.ch\/"]}]},{"@type":"BreadcrumbList","@id":"https:\/\/losange-patisserie.ch\/#breadcrumb","itemListElement":[{"@type":"ListItem","position":1,"name":"Home","item":"https:\/\/losange-patisserie.ch\/"},{"@type":"ListItem","position":2,"name":"Accueil"}]}]}},"_links":{"self":[{"href":"https:\/\/losange-patisserie.ch\/index.php\/wp-json\/wp\/v2\/pages\/103"}],"collection":[{"href":"https:\/\/losange-patisserie.ch\/index.php\/wp-json\/wp\/v2\/pages"}],"about":[{"href":"https:\/\/losange-patisserie.ch\/index.php\/wp-json\/wp\/v2\/types\/page"}],"author":[{"embeddable":true,"href":"https:\/\/losange-patisserie.ch\/index.php\/wp-json\/wp\/v2\/users\/1"}],"replies":[{"embeddable":true,"href":"https:\/\/losange-patisserie.ch\/index.php\/wp-json\/wp\/v2\/comments?post=103"}],"version-history":[{"count":17,"href":"https:\/\/losange-patisserie.ch\/index.php\/wp-json\/wp\/v2\/pages\/103\/revisions"}],"predecessor-version":[{"id":425,"href":"https:\/\/losange-patisserie.ch\/index.php\/wp-json\/wp\/v2\/pages\/103\/revisions\/425"}],"wp:attachment":[{"href":"https:\/\/losange-patisserie.ch\/index.php\/wp-json\/wp\/v2\/media?parent=103"}],"curies":[{"name":"wp","href":"https:\/\/api.w.org\/{rel}","templated":true}]}}